{"id":1849,"date":"2018-07-11T13:07:53","date_gmt":"2018-07-11T19:07:53","guid":{"rendered":"http:\/\/www.congresodeturismomedico.com\/es\/?page_id=1849"},"modified":"2025-10-30T14:37:59","modified_gmt":"2025-10-30T20:37:59","slug":"registro","status":"publish","type":"page","link":"https:\/\/www.congresodeturismomedico.com\/es\/registro\/","title":{"rendered":"REGISTRO"},"content":{"rendered":"<p>[vc_row gap=&#8221;30&#8243; full_height=&#8221;yes&#8221; row_fullwidth=&#8221;1&#8243; bg_slider=&#8221;on&#8221; css=&#8221;.vc_custom_1559602887390{margin-top: 0px !important;margin-right: 0px !important;margin-bottom: 0px !important;margin-left: 0px !important;padding-top: 70px !important;padding-right: 0px !important;padding-left: 0px !important;background-color: #000000 !important;}&#8221; bg_slider_images=&#8221;3065,3062,3064,3066&#8243; font_color=&#8221;#ffffff&#8221;][vc_column][vc_column_text css=&#8221;.vc_custom_1559600167431{margin-bottom: 0px !important;padding-bottom: 0px !important;}&#8221;]<\/p>\n<h4 style=\"text-align: center;\">REGISTRATE AL MEJOR CONGRESO DE TURISMO M\u00c9DICO DE AM\u00c9RICA LATINA<\/h4>\n<p>[\/vc_column_text][vc_custom_heading text=&#8221;PARTICIPA Y HAZ NEGOCIOS CON EL TURISMO M\u00c9DICO&#8221; font_container=&#8221;tag:h2|font_size:70|text_align:center|color:%23ffffff|line_height:74px&#8221; google_fonts=&#8221;font_family:Raleway%3A100%2C200%2C300%2Cregular%2C500%2C600%2C700%2C800%2C900|font_style:900%20bold%20regular%3A900%3Anormal&#8221; css=&#8221;.vc_custom_1559600209431{padding-right: 20% !important;padding-left: 20% !important;}&#8221;][vc_row_inner css=&#8221;.vc_custom_1559600324341{margin-right: 0px !important;margin-left: 0px !important;padding-top: 200px !important;padding-right: 0px !important;padding-left: 0px !important;}&#8221;][vc_column_inner width=&#8221;1\/2&#8243;]<div class=\"ozy-simlple-info-box\" id=\"simple-info-box-6861\"  style=\"background:url(https:\/\/www.congresodeturismomedico.com\/es\/wp-content\/uploads\/2019\/06\/stands.jpg)\"><section><h5>REGISTRO<\/h5><h2>Stand<\/h2><p>Muestra tu competitividad m\u00e9dica o tur\u00edstica y haz negocios<\/p><a href=\"https:\/\/www.congresodeturismomedico.com\/es\/wp-content\/uploads\/2025\/10\/STANDS-2025.docx\" target=\"_self\">DESCARGA EL FORMATO DE STANDS<\/a>\n<\/section>\n<\/div>[\/vc_column_inner][vc_column_inner width=&#8221;1\/2&#8243;]<div class=\"ozy-simlple-info-box\" id=\"simple-info-box-5416\"  style=\"background:url(https:\/\/www.congresodeturismomedico.com\/es\/wp-content\/uploads\/2019\/06\/SOLO-CONFERENCIAS-DE-TURISMO-MEDICO.jpg)\"><section><h5>REGISTRO<\/h5><h2>Solo Conferencias<\/h2><p>Dejate inspirar por los L\u00edderes Expertos en Turismo M\u00e9dico<\/p><a href=\"https:\/\/www.congresodeturismomedico.com\/es\/wp-content\/uploads\/2025\/07\/CONFERENCIAS-2025.docx\" target=\"_self\">DESCARGA EL FORMATO DE CONFERENCIAS<\/a>\n<\/section>\n<\/div>[\/vc_column_inner][\/vc_row_inner][vc_raw_js]JTNDJTIxLS0lMjBMb2FkJTIwRmFjZWJvb2slMjBTREslMjBmb3IlMjBKYXZhU2NyaXB0JTIwLS0lM0UlMEElMjAlMjAlMjAlMjAlMjAlMjAlM0NkaXYlMjBpZCUzRCUyMmZiLXJvb3QlMjIlM0UlM0MlMkZkaXYlM0UlMEElMjAlMjAlMjAlMjAlMjAlMjAlM0NzY3JpcHQlM0UlMEElMjAlMjAlMjAlMjAlMjAlMjAlMjAlMjB3aW5kb3cuZmJBc3luY0luaXQlMjAlM0QlMjBmdW5jdGlvbiUyOCUyOSUyMCU3QiUwQSUyMCUyMCUyMCUyMCUyMCUyMCUyMCUyMCUyMCUyMEZCLmluaXQlMjglN0IlMEElMjAlMjAlMjAlMjAlMjAlMjAlMjAlMjAlMjAlMjAlMjAlMjB4ZmJtbCUyMCUyMCUyMCUyMCUyMCUyMCUyMCUyMCUyMCUyMCUyMCUyMCUzQSUyMHRydWUlMkMlMEElMjAlMjAlMjAlMjAlMjAlMjAlMjAlMjAlMjAlMjAlMjAlMjB2ZXJzaW9uJTIwJTIwJTIwJTIwJTIwJTIwJTIwJTIwJTIwJTIwJTNBJTIwJTI3djYuMCUyNyUwQSUyMCUyMCUyMCUyMCUyMCUyMCUyMCUyMCUyMCUyMCU3RCUyOSUzQiUwQSUyMCUyMCUyMCUyMCUyMCUyMCUyMCUyMCU3RCUzQiUwQSUwQSUyMCUyMCUyMCUyMCUyMCUyMCUyMCUyMCUyOGZ1bmN0aW9uJTI4ZCUyQyUyMHMlMkMlMjBpZCUyOSUyMCU3QiUwQSUyMCUyMCUyMCUyMCUyMCUyMCUyMCUyMHZhciUyMGpzJTJDJTIwZmpzJTIwJTNEJTIwZC5nZXRFbGVtZW50c0J5VGFnTmFtZSUyOHMlMjklNUIwJTVEJTNCJTBBJTIwJTIwJTIwJTIwJTIwJTIwJTIwJTIwaWYlMjAlMjhkLmdldEVsZW1lbnRCeUlkJTI4aWQlMjklMjklMjByZXR1cm4lM0IlMEElMjAlMjAlMjAlMjAlMjAlMjAlMjAlMjBqcyUyMCUzRCUyMGQuY3JlYXRlRWxlbWVudCUyOHMlMjklM0IlMjBqcy5pZCUyMCUzRCUyMGlkJTNCJTBBJTIwJTIwJTIwJTIwJTIwJTIwJTIwJTIwanMuc3JjJTIwJTNEJTIwJTI3aHR0cHMlM0ElMkYlMkZjb25uZWN0LmZhY2Vib29rLm5ldCUyRmVzX0xBJTJGc2RrJTJGeGZibWwuY3VzdG9tZXJjaGF0LmpzJTI3JTNCJTBBJTIwJTIwJTIwJTIwJTIwJTIwJTIwJTIwZmpzLnBhcmVudE5vZGUuaW5zZXJ0QmVmb3JlJTI4anMlMkMlMjBmanMlMjklM0IlMEElMjAlMjAlMjAlMjAlMjAlMjAlN0QlMjhkb2N1bWVudCUyQyUyMCUyN3NjcmlwdCUyNyUyQyUyMCUyN2ZhY2Vib29rLWpzc2RrJTI3JTI5JTI5JTNCJTNDJTJGc2NyaXB0JTNFJTBBJTBBJTIwJTIwJTIwJTIwJTIwJTIwJTNDJTIxLS0lMjBZb3VyJTIwY3VzdG9tZXIlMjBjaGF0JTIwY29kZSUyMC0tJTNFJTBBJTIwJTIwJTIwJTIwJTIwJTIwJTNDZGl2JTIwY2xhc3MlM0QlMjJmYi1jdXN0b21lcmNoYXQlMjIlMEElMjAlMjAlMjAlMjAlMjAlMjAlMjAlMjBhdHRyaWJ1dGlvbiUzRHNldHVwX3Rvb2wlMEElMjAlMjAlMjAlMjAlMjAlMjAlMjAlMjBwYWdlX2lkJTNEJTIyMzk4NjE1NzEzNTUzNDAwJTIyJTBBJTIwJTIwdGhlbWVfY29sb3IlM0QlMjIlMjNhNjk1YzclMjIlMEElMjAlMjBsb2dnZWRfaW5fZ3JlZXRpbmclM0QlMjJIb2xhJTIxJTIwY29tbyUyMHBvZGVtb3MlMjBheXVkYXJ0ZSUzRiUyMiUwQSUyMCUyMGxvZ2dlZF9vdXRfZ3JlZXRpbmclM0QlMjJIb2xhJTIxJTIwY29tbyUyMHBvZGVtb3MlMjBheXVkYXJ0ZSUzRiUyMiUzRSUwQSUyMCUyMCUyMCUyMCUyMCUyMCUzQyUyRmRpdiUzRQ==[\/vc_raw_js][\/vc_column][\/vc_row][vc_row bg_parallax=&#8221;on&#8221; particles_background=&#8221;on&#8221; css=&#8221;.vc_custom_1559603183201{margin-bottom: 0px !important;padding-top: 20px !important;padding-bottom: 0px !important;background-image: url(http:\/\/www.congresodeturismomedico.com\/es\/wp-content\/uploads\/2019\/06\/fondo.jpg?id=3082) !important;}&#8221;][vc_column width=&#8221;1\/2&#8243; css=&#8221;.vc_custom_1559603355965{background-color: rgba(76,16,120,0.12) !important;*background-color: rgb(76,16,120) !important;}&#8221;][vc_custom_heading text=&#8221;Escr\u00edbenos&#8221; font_container=&#8221;tag:h2|text_align:left|color:%234c1078&#8243; google_fonts=&#8221;font_family:Arimo%3Aregular%2Citalic%2C700%2C700italic|font_style:400%20regular%3A400%3Anormal&#8221;]<div class=\"ozy-content-divider \" style=\"border-top-style:solid;border-top-width:2px;border-top-color:#4c1078;width:40px;max-width:40px;float:left;\"><\/div>[vc_empty_space][vc_column_text]<\/p>\n<p>Deja tu solicitud con cualquier duda y te atenderemos lo antes posible<\/p>\n<p>[\/vc_column_text]\n<div class=\"wpcf7 no-js\" id=\"wpcf7-f5-o1\" lang=\"es-MX\" dir=\"ltr\" data-wpcf7-id=\"5\">\n<div class=\"screen-reader-response\"><p role=\"status\" aria-live=\"polite\" aria-atomic=\"true\"><\/p> <ul><\/ul><\/div>\n<form action=\"\/es\/wp-json\/wp\/v2\/pages\/1849#wpcf7-f5-o1\" method=\"post\" class=\"wpcf7-form init\" aria-label=\"Formulario de contacto\" novalidate=\"novalidate\" data-status=\"init\">\n<div style=\"display: none;\">\n<input type=\"hidden\" name=\"_wpcf7\" value=\"5\" \/>\n<input type=\"hidden\" name=\"_wpcf7_version\" value=\"6.0.3\" \/>\n<input type=\"hidden\" name=\"_wpcf7_locale\" value=\"es_MX\" \/>\n<input type=\"hidden\" name=\"_wpcf7_unit_tag\" value=\"wpcf7-f5-o1\" \/>\n<input type=\"hidden\" name=\"_wpcf7_container_post\" value=\"0\" \/>\n<input type=\"hidden\" name=\"_wpcf7_posted_data_hash\" value=\"\" \/>\n<input type=\"hidden\" name=\"_wpcf7_recaptcha_response\" value=\"\" \/>\n<\/div>\n<p><label> Your Name (required)<br \/>\n<span class=\"wpcf7-form-control-wrap\" data-name=\"your-name\"><input size=\"40\" maxlength=\"400\" class=\"wpcf7-form-control wpcf7-text wpcf7-validates-as-required\" aria-required=\"true\" aria-invalid=\"false\" value=\"\" type=\"text\" name=\"your-name\" \/><\/span> <\/label>\n<\/p>\n<p><label> Your Email (required)<br \/>\n<span class=\"wpcf7-form-control-wrap\" data-name=\"your-email\"><input size=\"40\" maxlength=\"400\" class=\"wpcf7-form-control wpcf7-email wpcf7-validates-as-required wpcf7-text wpcf7-validates-as-email\" aria-required=\"true\" aria-invalid=\"false\" value=\"\" type=\"email\" name=\"your-email\" \/><\/span> <\/label>\n<\/p>\n<p><label> Subject<br \/>\n<span class=\"wpcf7-form-control-wrap\" data-name=\"your-subject\"><input size=\"40\" maxlength=\"400\" class=\"wpcf7-form-control wpcf7-text\" aria-invalid=\"false\" value=\"\" type=\"text\" name=\"your-subject\" \/><\/span> <\/label>\n<\/p>\n<p><label> Your Message<br \/>\n<span class=\"wpcf7-form-control-wrap\" data-name=\"your-message\"><textarea cols=\"40\" rows=\"10\" maxlength=\"2000\" class=\"wpcf7-form-control wpcf7-textarea\" aria-invalid=\"false\" name=\"your-message\"><\/textarea><\/span> <\/label>\n<\/p>\n<p><input class=\"wpcf7-form-control wpcf7-submit has-spinner\" type=\"submit\" value=\"Send\" \/>\n<\/p><div class=\"wpcf7-response-output\" aria-hidden=\"true\"><\/div>\n<\/form>\n<\/div>\n[\/vc_column][vc_column width=&#8221;1\/2&#8243;][vc_custom_heading text=&#8221;Ll\u00e1manos&#8221; font_container=&#8221;tag:h2|text_align:left|color:%234c1078&#8243; google_fonts=&#8221;font_family:Arimo%3Aregular%2Citalic%2C700%2C700italic|font_style:400%20regular%3A400%3Anormal&#8221;]<div class=\"ozy-content-divider \" style=\"border-top-style:solid;border-top-width:2px;border-top-color:#4c1078;width:40px;max-width:40px;float:left;\"><\/div>[vc_empty_space][vc_column_text]Estamos listos para atenderte[\/vc_column_text][vc_row_inner][vc_column_inner width=&#8221;1\/2&#8243;][vc_column_text]<strong>Escr\u00edbenos<\/strong><\/p>\n<h5>CORREO ELECTR\u00d3NICO<\/h5>\n<p>Email: <a href=\"relacionespublicas@congresodeturismomedico.com\">relacionespublicas@congresodeturismomedico.com<\/a>[\/vc_column_text][\/vc_column_inner][vc_column_inner width=&#8221;1\/2&#8243;][vc_column_text]<\/p>\n<h5>TEL\u00c9FONO<\/h5>\n<p>Si estas viendo este sitio desde tu Tel\u00e9fono solo presiona el numero y en autom\u00e1tico se marcar\u00e1<br \/>\n<a href=\"tel:6568616743\">(656) 861 67 43<\/a>[\/vc_column_text][\/vc_column_inner][\/vc_row_inner][vc_single_image image=&#8221;3087&#8243; img_size=&#8221;full&#8221; alignment=&#8221;center&#8221;][\/vc_column][\/vc_row][vc_row row_fullwidth=&#8221;1&#8243; css=&#8221;.vc_custom_1531262867436{margin: 0px !important;padding: 0px !important;}&#8221;][vc_column][vc_raw_html]JTNDZGl2JTIwc3R5bGUlM0QlMjJ3aWR0aCUzQSUyMDEwMCUyNSUyMiUzRSUzQ2lmcmFtZSUyMHdpZHRoJTNEJTIyMTAwJTI1JTIyJTIwaGVpZ2h0JTNEJTIyNDUwJTIyJTIwZnJhbWVib3JkZXIlM0QlMjIwJTIyJTIwc2Nyb2xsaW5nJTNEJTIybm8lMjIlMjBtYXJnaW5oZWlnaHQlM0QlMjIwJTIyJTIwbWFyZ2lud2lkdGglM0QlMjIwJTIyJTIwc3JjJTNEJTIyaHR0cHMlM0ElMkYlMkZtYXBzLmdvb2dsZS5jb20lMkZtYXBzJTNGd2lkdGglM0QxMDAlMjUyNSUyNmFtcCUzQmhlaWdodCUzRDQ1MCUyNmFtcCUzQmhsJTNEZW4lMjZhbXAlM0JxJTNEY2VudHJvJTI1MjBkZSUyNTIwZXZlbnRvcyUyNTIwY2liZWxlcyUyQyUyNTIwY2l1ZGFkJTI1MjBqdWFyZXolMkIlMjhDZW50cm8lMjUyMGRlJTI1MjBFdmVudG8lMjUyMENpYmVsZXMlMjklMjZhbXAlM0J0JTNEJTI2YW1wJTNCeiUzRDE2JTI2YW1wJTNCaWUlM0RVVEY4JTI2YW1wJTNCaXdsb2MlM0RCJTI2YW1wJTNCb3V0cHV0JTNEZW1iZWQlMjIlM0UlM0NhJTIwaHJlZiUzRCUyMmh0dHBzJTNBJTJGJTJGd3d3Lmdwcy5pZSUyRmNvbGxlY3Rpb25zJTJGZHJvbmVzJTJGJTIyJTNFYnV5JTIwZHJvbmVzJTNDJTJGYSUzRSUzQyUyRmlmcmFtZSUzRSUzQyUyRmRpdiUzRQ==[\/vc_raw_html][\/vc_column][\/vc_row]<\/p>\n","protected":false},"excerpt":{"rendered":"<p>[vc_row gap=&#8221;30&#8243; full_height=&#8221;yes&#8221; row_fullwidth=&#8221;1&#8243; bg_slider=&#8221;on&#8221; css=&#8221;.vc_custom_1559602887390{margin-top: 0px !important;margin-right: 0px !important;margin-bottom: 0px !important;margin-left: 0px !important;padding-top: 70px !important;padding-right: 0px !important;padding-left: 0px !important;background-color: #000000 !important;}&#8221; bg_slider_images=&#8221;3065,3062,3064,3066&#8243; font_color=&#8221;#ffffff&#8221;][vc_column][vc_column_text css=&#8221;.vc_custom_1559600167431{margin-bottom: 0px !important;padding-bottom: 0px !important;}&#8221;] REGISTRATE [&hellip;]<\/p>\n","protected":false},"author":1,"featured_media":0,"parent":0,"menu_order":0,"comment_status":"closed","ping_status":"closed","template":"","meta":{"footnotes":""},"class_list":["post-1849","page","type-page","status-publish","hentry"],"_links":{"self":[{"href":"https:\/\/www.congresodeturismomedico.com\/es\/wp-json\/wp\/v2\/pages\/1849","targetHints":{"allow":["GET"]}}],"collection":[{"href":"https:\/\/www.congresodeturismomedico.com\/es\/wp-json\/wp\/v2\/pages"}],"about":[{"href":"https:\/\/www.congresodeturismomedico.com\/es\/wp-json\/wp\/v2\/types\/page"}],"author":[{"embeddable":true,"href":"https:\/\/www.congresodeturismomedico.com\/es\/wp-json\/wp\/v2\/users\/1"}],"replies":[{"embeddable":true,"href":"https:\/\/www.congresodeturismomedico.com\/es\/wp-json\/wp\/v2\/comments?post=1849"}],"version-history":[{"count":60,"href":"https:\/\/www.congresodeturismomedico.com\/es\/wp-json\/wp\/v2\/pages\/1849\/revisions"}],"predecessor-version":[{"id":4715,"href":"https:\/\/www.congresodeturismomedico.com\/es\/wp-json\/wp\/v2\/pages\/1849\/revisions\/4715"}],"wp:attachment":[{"href":"https:\/\/www.congresodeturismomedico.com\/es\/wp-json\/wp\/v2\/media?parent=1849"}],"curies":[{"name":"wp","href":"https:\/\/api.w.org\/{rel}","templated":true}]}}