{"id":1886,"date":"2018-07-13T11:15:56","date_gmt":"2018-07-13T17:15:56","guid":{"rendered":"http:\/\/www.congresodeturismomedico.com\/es\/?page_id=1886"},"modified":"2025-03-02T22:26:33","modified_gmt":"2025-03-03T04:26:33","slug":"patrocinios","status":"publish","type":"page","link":"https:\/\/www.congresodeturismomedico.com\/es\/patrocinios\/","title":{"rendered":"Patrocinios"},"content":{"rendered":"<p>[vc_row bg_parallax=&#8221;on&#8221; font_color=&#8221;#ffffff&#8221; css=&#8221;.vc_custom_1560448746889{margin-top: 0px !important;margin-bottom: 0px !important;padding-top: 60px !important;padding-bottom: 120px !important;background-image: url(http:\/\/www.congresodeturismomedico.com\/es\/wp-content\/uploads\/2019\/06\/FONDO-1.jpg?id=3166) !important;}&#8221;][vc_column]<h2 class=\"ozy-divider-cap-center wpb_content_element\">PATROCINIOS 2025<\/h2><div class=\"ozy-content-divider  wpb_animate_when_almost_visible wpb_bottom-to-top \" style=\"border-top-style:solid;border-top-width:2px;border-top-color:#4c1078;width:40px;max-width:40px;margin:20px auto;\"><\/div>[vc_row_inner][vc_column_inner width=&#8221;1\/2&#8243;]<div id=\"tile-with-icon_icon3975\" class=\"title-with-icon-wrapper clear xxlarge \" data-color=\"\"><div class=\"wpb_content_element title-with-icon clearfix margin-bottom-0 \"><span  style=\"color:#ffffff !important;background-color: !important;\" class=\"oic-simple-line-icons-2 clear xxlarge \" ><\/span><h3 style=\"color:#ffffff\">PERFIL DE LOS ASISTENTES<\/h3><\/div><div class=\"wpb_content_element left-cs title-with-icon-content xxlarge clearfix\" style=\"color:#ffffff\"><span style=\"color: #ffffff;\">*Presidentes, visepresidentes, directores generales de hospitales, cl\u00ednicas y consultorios.<br \/>\n* Facilitadores de Turismo M\u00e9dico.<br \/>\n* M\u00e9dicos de distintas especialidades.<br \/>\n* Oficinas de Convenciones y Visitantes.<br \/>\n* Gobiernos Nacionales e Internacionales.<br \/>\n* Acad\u00e9micos e investigadores.<\/span><\/div><\/div>[\/vc_column_inner][vc_column_inner width=&#8221;1\/2&#8243;]<div id=\"tile-with-icon_icon5497\" class=\"title-with-icon-wrapper clear xxlarge \" data-color=\"\"><div class=\"wpb_content_element title-with-icon clearfix margin-bottom-0 \"><span  style=\"color:#ffffff !important;background-color: !important;\" class=\"oic-outlined-iconset-94 clear xxlarge \" ><\/span><h3 class=\"content-color\" style=\"\">CONGRESO DE TURISMO M\u00c9DICO<\/h3><\/div><div class=\"wpb_content_element left-cs title-with-icon-content xxlarge clearfix\" style=\"\"><span style=\"color: #ffffff;\">* Edici\u00f3n 14 de este Magno evento realizado anualmente.<br \/>\n* M\u00e1s de 900 Citas de Negocios entre Facilitadores de Turismo M\u00e9dico y proveedores de salud.<br \/>\n* Conferencias de Clase Mundial y Autoridades de primer nivel.<br \/>\n* Entrega de Reconocimientos por la Contribuci\u00f3n al Desarrollo del Turismo M\u00e9dico.<br \/>\n* Actividades de Netwoking<\/span><\/div><\/div>[\/vc_column_inner][\/vc_row_inner][\/vc_column][\/vc_row][vc_row row_fullwidth=&#8221;1&#8243; css=&#8221;.vc_custom_1560449899695{margin-top: 0px !important;margin-right: 0px !important;margin-bottom: 0px !important;margin-left: 0px !important;padding-top: 0px !important;padding-right: 0px !important;padding-bottom: 0px !important;padding-left: 0px !important;background-image: url(http:\/\/www.congresodeturismomedico.com\/es\/wp-content\/uploads\/2019\/06\/fondo.jpg?id=3082) !important;}&#8221;][vc_column css_animation=&#8221;fadeInDown&#8221; css=&#8221;.vc_custom_1560456355588{padding-top: 40px !important;}&#8221;]<h3 class=\"ozy-divider-cap-center wpb_content_element\">NO TE PUEDES PERDER LAS VENTAJAS DE SER PATROCINADOR<\/h3><div class=\"ozy-content-divider \" style=\"border-top-style:solid;border-top-width:4px;border-top-color:#6d1a36;width:160px;max-width:160px;margin:20px auto;\"><\/div>[vc_row_inner][vc_column_inner width=&#8221;1\/3&#8243;]<div id=\"tile-with-icon_icon963\" class=\"title-with-icon-wrapper clear xxlarge \" data-color=\"\"><div class=\"wpb_content_element title-with-icon clearfix margin-bottom-0 \"><span  style=\"color:#6d1a36 !important;background-color: !important;\" class=\"oic-outlined-iconset-30 clear xxlarge \" ><\/span><h3 style=\"color:#6d1a36\">Visibilidad de la marca<\/h3><\/div><div class=\"wpb_content_element left-cs title-with-icon-content xxlarge clearfix\" style=\"color:#6d1a36\"><span style=\"color: #565656;\">*Ponga a su compa\u00f1\u00eda frente a una gran audiencia que no ha o\u00eddo hablar de su negocio y convierta a extra\u00f1os en relaciones.<\/span><\/div><\/div><div id=\"tile-with-icon_icon8435\" class=\"title-with-icon-wrapper clear xxlarge \" data-color=\"\"><div class=\"wpb_content_element title-with-icon clearfix margin-bottom-0 \"><span  style=\"color:#6d1a36 !important;background-color: !important;\" class=\"oic-outlined-iconset-38 clear xxlarge \" ><\/span><h3 style=\"color:#6d1a36\">Generaci\u00f3n l\u00edder<\/h3><\/div><div class=\"wpb_content_element left-cs title-with-icon-content xxlarge clearfix\" style=\"color:#6d1a36\"><span style=\"color: #565656;\">Dale la mano a tus futuros clientes antes de que se conviertan en clientes.<\/span><\/div><\/div>[\/vc_column_inner][vc_column_inner width=&#8221;1\/3&#8243;]<div id=\"tile-with-icon_icon1611\" class=\"title-with-icon-wrapper clear xxlarge \" data-color=\"\"><div class=\"wpb_content_element title-with-icon clearfix margin-bottom-0 \"><span  style=\"color:#6d1a36 !important;background-color: !important;\" class=\"oic-simple-line-icons-1 clear xxlarge \" ><\/span><h3 style=\"color:#6d1a36\">Marketing dirigido<\/h3><\/div><div class=\"wpb_content_element left-cs title-with-icon-content xxlarge clearfix\" style=\"color:#6d1a36\"><span style=\"color: #565656;\">Comprom\u00e9tase con su p\u00fablico objetivo ideal en una ubicaci\u00f3n en un evento.<\/span><\/div><\/div><div id=\"tile-with-icon_icon6832\" class=\"title-with-icon-wrapper clear xxlarge \" data-color=\"\"><div class=\"wpb_content_element title-with-icon clearfix margin-bottom-0 \"><span  style=\"color:#6d1a36 !important;background-color: !important;\" class=\"oic-simple-line-icons-42 clear xxlarge \" ><\/span><h3 style=\"color:#6d1a36\">Retorno de la inversi\u00f3n<\/h3><\/div><div class=\"wpb_content_element left-cs title-with-icon-content xxlarge clearfix\" style=\"color:#6d1a36\"><span style=\"color: #565656;\">Venga para obtener visibilidad, venga para establecer redes, venga para conocer, v\u00e1yase con nuevos negocios.<\/span><\/div><\/div>[\/vc_column_inner][vc_column_inner width=&#8221;1\/3&#8243;]<div id=\"tile-with-icon_icon1232\" class=\"title-with-icon-wrapper clear xxlarge \" data-color=\"\"><div class=\"wpb_content_element title-with-icon clearfix margin-bottom-0 \"><span  style=\"color:#6d1a36 !important;background-color: !important;\" class=\"oic-simple-line-icons-2 clear xxlarge \" ><\/span><h3 style=\"color:#6d1a36\">Percepci\u00f3n del consumidor<\/h3><\/div><div class=\"wpb_content_element left-cs title-with-icon-content xxlarge clearfix\" style=\"color:#6d1a36\"><span style=\"color: #565656;\">Alinee su marca con los l\u00edderes de la industria en los viajes m\u00e9dicos y el espacio de atenci\u00f3n m\u00e9dica para empleadores.<\/span><\/div><\/div><div id=\"tile-with-icon_icon7670\" class=\"title-with-icon-wrapper clear xxlarge \" data-color=\"\"><div class=\"wpb_content_element title-with-icon clearfix margin-bottom-0 \"><span  style=\"color:#6d1a36 !important;background-color: !important;\" class=\"oic-torsos-all clear xxlarge \" ><\/span><h3 style=\"color:#6d1a36\">Relaciones comerciales<\/h3><\/div><div class=\"wpb_content_element left-cs title-with-icon-content xxlarge clearfix\" style=\"color:#6d1a36\"><span style=\"color: #565656;\">Cree asociaciones de por vida con compradores, proveedores y todos los dem\u00e1s.<\/span><\/div><\/div>[\/vc_column_inner][\/vc_row_inner][\/vc_column][\/vc_row][vc_row bg_parallax=&#8221;off&#8221; css=&#8221;.vc_custom_1461015371423{margin-top: 0px !important;margin-bottom: 0px !important;padding-top: 60px !important;}&#8221;][vc_column]<h3 class=\"ozy-divider-cap-left wpb_content_element\">ESQUEMA DE PATROCINIOS<\/h3><div class=\"ozy-content-divider \" style=\"border-top-style:solid;border-top-width:2px;border-top-color:#34ccff;width:40px;max-width:40px;float:left;\"><\/div><div style=\"height:30px\" class=\"ozy-spacer\"><\/div>[vc_tabs interval=&#8221;3&#8243;][vc_tab title=&#8221;DIAMANTE&#8221; tab_id=&#8221;1414616520-1-10&#8243;][vc_row_inner][vc_column_inner][vc_column_text]<\/p>\n<h3><span style=\"color: #6d1a36;\">PATROCINIO DIAMANTES $250,000 MAS IVA<\/span><\/h3>\n<h4>El Patrocinio Diamante Incluye:<\/h4>\n<p>* Stand b\u00e1sico de 6&#215;3 mts a una altura de 2,50mts en sistema octanorm y panel trovicel de 3 mm, incluye iluminaci\u00f3n dicroica, un contacto el\u00e9ctrico doble de 110volts polarizado, Antepecho con el nombre del expositor en corte de vinil y letra estandar hasta 25 caracteres, Mesa tabl\u00f3n con mantel y dos sillas.<br \/>\n* 1 Agenda de citas de Negocios con Facilitadores de Turismo M\u00e9dico.<br \/>\n* 2 Accesos a Encuentros de negocios en la misma agenda (Persona adicional solicitarlo al comit\u00e9 organizador una semana antes del evento m\u00e1ximo 2 personas adicionales) y acceso a Conferencias.<br \/>\n* 4 Accesos para su staff de apoyo en el Stand (personas adicionales solicitarlo al comit\u00e9 organizador al menos una semana antes del evento, m\u00e1ximo 2 personas).<br \/>\n* Logotipo de su empresa en los gafetes de acceso.<br \/>\n* Logotipo en el list\u00f3n del porta gafete.<br \/>\n* Logotipo en la agenda oficial del congreso impresa y digital de mayor tama\u00f1o.<br \/>\n* Logotipo durante las distintas ruedas de prensa.<br \/>\n* Logotipo en material impreso y digital.<br \/>\n* Logotipo como patrocinador Diamante en todos los Mailing de publicidad del Congreso.<br \/>\n* 3 Comunicados personalizados promocionales de su empresa en mailing masivo.<br \/>\n* Proyecci\u00f3n de logotipo en mayor tama\u00f1o en la sala de conferencias.<br \/>\n* Espacio de 5 minutos para promocionar su empresa como proveedor de servicios para el turismo m\u00e9dico.<br \/>\n* Oportunidad de colocar material promocional en el kit de bienvenida.<br \/>\n* 15 d\u00edas de portada en redes sociales del evento.<br \/>\n* Logotipo de mayor tama\u00f1o en el sitio web oficial del Congreso de Turismo M\u00e9dico direccionado a su pagina web.<br \/>\n* Promoci\u00f3n de su marca en redes sociales del Congreso.<br \/>\n* Menci\u00f3n especial durante el programa del evento.<br \/>\n* Logotipo permanente en los centros de negocios.<br \/>\n* Reconocimiento como patrocinador.<br \/>\n* Servicio de traducci\u00f3n simult\u00e1nea espa\u00f1ol \u2013 ingl\u00e9s \u2013 espa\u00f1ol<br \/>\n* Servicio de coffee break continuo.[\/vc_column_text][\/vc_column_inner][\/vc_row_inner][\/vc_tab][vc_tab title=&#8221;ORO&#8221; tab_id=&#8221;1531511110044-4-10&#8243;][vc_row_inner][vc_column_inner][vc_column_text]<\/p>\n<h3><span style=\"color: #6d1a36;\">ORO $150,000 MAS IVA<\/span><\/h3>\n<h4>El Patrocinio Oro Incluye:<\/h4>\n<p>*\u00a0 Stand b\u00e1sico de 6&#215;3 mts a una altura de 2,50mts en sistema octanorm y panel trovicel de 3 mm.<br \/>\nIncluye iluminaci\u00f3n dicroica, Un contacto el\u00e9ctrico doble de 110volts polarizado, Antepecho con el nombre del expositor en corte de vinil y letra estandar hasta 25 caracteres, Mesa tabl\u00f3n con mantel y dos sillas.<br \/>\n* 1 Agenda de citas de Negocios con Facilitadores de Turismo M\u00e9dico.<br \/>\n* 2 Accesos a Encuentros de negocios en la misma agenda (Persona adicional tiene un costo extra de $5,000 pesos m\u00e1s IVA, m\u00e1ximo 2 personas adicionales) y acceso a Conferencias.<br \/>\n* 3 Accesos para su staff de apoyo en el Stand (personas adicionales con un costo de $3,000 pesos m\u00e1s IVA, m\u00e1ximo 2 personas adicionales).<br \/>\n* 4 Accesos a los eventos de networking (2 para staff y 2 para encuentros de negocios).<br \/>\n* Logotipo en la agenda oficial del congreso impresa y digital de mayor tama\u00f1o (excepto de patrocinador diamante).<br \/>\n* Servicio de traducci\u00f3n simult\u00e1nea espa\u00f1ol &#8211; ingl\u00e9s &#8211; espa\u00f1ol<br \/>\n* Servicio de coffee break continuo.<br \/>\n* Oportunidad de colocar publicidad en el kit de bienvenida.<br \/>\n* Logotipo en material impreso y digital como patrocinador plata.<br \/>\n* 2 Comunicados personalizados promocionales de su empresa.<br \/>\n* Espacio de 5 minutos para promocionar su empresa como proveedor de servicios para el turismo m\u00e9dico.<br \/>\n* 10 d\u00edas de portada en redes sociales del evento.<br \/>\n* Logotipo en el sitio web oficial del Congreso de Turismo M\u00e9dico direccionado a su pagina web, como patrocinador plata.<br \/>\n* Promoci\u00f3n de su marca en redes sociales del Congreso.<br \/>\n* Reconocimiento como patrocinador.<br \/>\n* Menci\u00f3n especial en el programa del evento.[\/vc_column_text][\/vc_column_inner][\/vc_row_inner][\/vc_tab][vc_tab title=&#8221;PLATA&#8221; tab_id=&#8221;1531512225491-2-2&#8243;][vc_row_inner][vc_column_inner][vc_column_text]<\/p>\n<h3><span style=\"color: #6d1a36;\">PLATA $100,000 MAS IVA<\/span><\/h3>\n<h4>El Patrocinio Plata Incluye:<\/h4>\n<p>*\u00a0 Stand b\u00e1sico de 3&#215;3 mts a una altura de 2,50mts en sistema octanorm y panel trovicel de 3 mm.<br \/>\nIncluye iluminaci\u00f3n dicroica, Un contacto el\u00e9ctrico doble de 110volts polarizado, Antepecho con el nombre del expositor en corte de vinil y letra estandar hasta 25 caracteres, Mesa tabl\u00f3n con mantel y dos sillas.<br \/>\n* 1 Agenda de citas de Negocios con Facilitadores de Turismo M\u00e9dico.<br \/>\n* 2 Accesos a Encuentros de negocios en la misma agenda (Persona adicional tiene un costo extra de $8,000 pesos m\u00e1s IVA, m\u00e1ximo 2 personas adicionales) y acceso a Conferencias.<br \/>\n* 2 Accesos para su staff de apoyo en el Stand (personas adicionales con un costo de $6,000 pesos m\u00e1s IVA).<br \/>\n* 4 Accesos a los eventos de networking (2 para staff y 2 para encuentros de negocios).<br \/>\n* Logotipo en la agenda oficial del congreso impresa y digital de mayor tama\u00f1o (excepto de patrocinador diamante).<br \/>\n* Servicio de traducci\u00f3n simult\u00e1nea espa\u00f1ol &#8211; ingl\u00e9s &#8211; espa\u00f1ol<br \/>\n* Servicio de coffee break continuo.<br \/>\n* Oportunidad de colocar publicidad en el kit de bienvenida.<br \/>\n* Logotipo en material impreso y digital como patrocinador plata.<br \/>\n* 2 Comunicados personalizados promocionales de su empresa.<br \/>\n* Espacio de 5 minutos para promocionar su empresa como proveedor de servicios para el turismo m\u00e9dico.<br \/>\n* 7 d\u00edas de portada en redes sociales del evento.<br \/>\n* Logotipo en el sitio web oficial del Congreso de Turismo M\u00e9dico direccionado a su pagina web, como patrocinador plata.<br \/>\n* Promoci\u00f3n de su marca en redes sociales del Congreso.<br \/>\n* Reconocimiento como patrocinador.[\/vc_column_text][\/vc_column_inner][\/vc_row_inner][\/vc_tab][\/vc_tabs][\/vc_column][\/vc_row]<\/p>\n","protected":false},"excerpt":{"rendered":"<p>[vc_row bg_parallax=&#8221;on&#8221; font_color=&#8221;#ffffff&#8221; css=&#8221;.vc_custom_1560448746889{margin-top: 0px !important;margin-bottom: 0px !important;padding-top: 60px !important;padding-bottom: 120px !important;background-image: url(http:\/\/www.congresodeturismomedico.com\/es\/wp-content\/uploads\/2019\/06\/FONDO-1.jpg?id=3166) !important;}&#8221;][vc_column][vc_row_inner][vc_column_inner width=&#8221;1\/2&#8243;][\/vc_column_inner][vc_column_inner width=&#8221;1\/2&#8243;][\/vc_column_inner][\/vc_row_inner][\/vc_column][\/vc_row][vc_row row_fullwidth=&#8221;1&#8243; css=&#8221;.vc_custom_1560449899695{margin-top: 0px !important;margin-right: 0px !important;margin-bottom: 0px !important;margin-left: 0px !important;padding-top: 0px !important;padding-right: 0px !important;padding-bottom: [&hellip;]<\/p>\n","protected":false},"author":1,"featured_media":0,"parent":0,"menu_order":0,"comment_status":"closed","ping_status":"closed","template":"","meta":{"footnotes":""},"class_list":["post-1886","page","type-page","status-publish","hentry"],"_links":{"self":[{"href":"https:\/\/www.congresodeturismomedico.com\/es\/wp-json\/wp\/v2\/pages\/1886","targetHints":{"allow":["GET"]}}],"collection":[{"href":"https:\/\/www.congresodeturismomedico.com\/es\/wp-json\/wp\/v2\/pages"}],"about":[{"href":"https:\/\/www.congresodeturismomedico.com\/es\/wp-json\/wp\/v2\/types\/page"}],"author":[{"embeddable":true,"href":"https:\/\/www.congresodeturismomedico.com\/es\/wp-json\/wp\/v2\/users\/1"}],"replies":[{"embeddable":true,"href":"https:\/\/www.congresodeturismomedico.com\/es\/wp-json\/wp\/v2\/comments?post=1886"}],"version-history":[{"count":47,"href":"https:\/\/www.congresodeturismomedico.com\/es\/wp-json\/wp\/v2\/pages\/1886\/revisions"}],"predecessor-version":[{"id":4648,"href":"https:\/\/www.congresodeturismomedico.com\/es\/wp-json\/wp\/v2\/pages\/1886\/revisions\/4648"}],"wp:attachment":[{"href":"https:\/\/www.congresodeturismomedico.com\/es\/wp-json\/wp\/v2\/media?parent=1886"}],"curies":[{"name":"wp","href":"https:\/\/api.w.org\/{rel}","templated":true}]}}