{"id":1901,"date":"2018-07-13T14:31:45","date_gmt":"2018-07-13T20:31:45","guid":{"rendered":"http:\/\/www.congresodeturismomedico.com\/es\/?page_id=1901"},"modified":"2025-11-12T17:29:54","modified_gmt":"2025-11-12T23:29:54","slug":"expo","status":"publish","type":"page","link":"https:\/\/www.congresodeturismomedico.com\/es\/expo\/","title":{"rendered":"Expo"},"content":{"rendered":"<p>[vc_row row_fullwidth=&#8221;1&#8243; bg_parallax=&#8221;on&#8221; css=&#8221;.vc_custom_1560465593955{background-image: url(https:\/\/www.congresodeturismomedico.com\/es\/wp-content\/uploads\/2025\/03\/STANDS-FONDO-2025.jpg?id=4665) !important;}&#8221;][vc_column][vc_column_text]<\/p>\n<h2 style=\"text-align: center;\"><span style=\"color: #ffffff;\">PARTICIPA COMO EXPOSITOR<\/span><\/h2>\n<h4 style=\"text-align: center;\"><span style=\"color: #ffffff;\">LA INVERSI\u00d3N DEL STAND INCLUYE:<\/span><\/h4>\n<p>[\/vc_column_text][vc_row_inner][vc_column_inner width=&#8221;1\/2&#8243;][vc_column_text]<span style=\"color: #ffffff;\">\u2022 Stand b\u00e1sico de 2.44 x 3 m a una altura de 2.5 m, impresi\u00f3n y montaje incluido<\/span><br data-start=\"157\" data-end=\"160\" \/><span style=\"color: #ffffff;\">\u2022 Impresi\u00f3n mate en HD en lona de vinil<\/span><br data-start=\"199\" data-end=\"202\" \/><span style=\"color: #ffffff;\">\u2022 Un contacto el\u00e9ctrico doble de 110 volts polarizado<\/span><br data-start=\"255\" data-end=\"258\" \/><span style=\"color: #ffffff;\">\u2022 1 Agenda de citas de Negocios con Facilitadores de Turismo M\u00e9dico<\/span><br data-start=\"325\" data-end=\"328\" \/><span style=\"color: #ffffff;\">\u2022 Mesa tabl\u00f3n incluye mantel y 4 sillas<\/span><br data-start=\"367\" data-end=\"370\" \/><span style=\"color: #ffffff;\">\u2022 2 accesos a encuentros de negocios en la misma agenda<\/span><br data-start=\"425\" data-end=\"428\" \/><span style=\"color: #ffffff;\">\u2022 Oportunidad de colocar publicidad en el kit de bienvenida<\/span><br data-start=\"487\" data-end=\"490\" \/><span style=\"color: #ffffff;\">\u2022 1 banner promocional de su empresa en redes sociales en el congreso<\/span><br data-start=\"559\" data-end=\"562\" \/><span style=\"color: #ffffff;\">\u2022 Logotipo en el sitio web oficial del congreso y en la agenda impresa<\/span>[\/vc_column_text][\/vc_column_inner][vc_column_inner width=&#8221;1\/2&#8243;][vc_column_text]<span style=\"color: #ffffff;\"><strong data-start=\"636\" data-end=\"662\">Acceso a conferencias:<\/strong><\/span><br data-start=\"662\" data-end=\"665\" \/><span style=\"color: #ffffff;\">\u2022 2 accesos para su staff de apoyo para el stand<\/span><br data-start=\"713\" data-end=\"716\" \/><span style=\"color: #ffffff;\">\u2022 Acceso a eventos de networking programados<\/span><br data-start=\"760\" data-end=\"763\" \/><span style=\"color: #ffffff;\">\u2022 Servicio de coffee break<\/span><\/p>\n<p><span style=\"font-size: 10pt; color: #ffffff;\"><em>No incluye alfombra, la distribuci\u00f3n de los stands puede ser cambiada por el comit\u00e9 organizador sin previo aviso por cuesti\u00f3n de seguridad.<\/em><\/span>[\/vc_column_text][\/vc_column_inner][\/vc_row_inner][\/vc_column][\/vc_row][vc_row bg_parallax=&#8221;off&#8221; css=&#8221;.vc_custom_1742669197012{margin-top: 0px !important;margin-bottom: 0px !important;padding-top: 0px !important;}&#8221;][vc_column][vc_custom_heading text=&#8221;CENTRO DE EVENTOS CIBELES&#8221; font_container=&#8221;tag:h1|text_align:center|color:%236d1a36&#8243; google_fonts=&#8221;font_family:Josefin%20Sans%3A100%2C100italic%2C300%2C300italic%2Cregular%2Citalic%2C600%2C600italic%2C700%2C700italic|font_style:600%20bold%20regular%3A600%3Anormal&#8221;]<div style=\"height:30px\" class=\"ozy-spacer\"><\/div>[vc_row_inner][vc_column_inner width=&#8221;1\/2&#8243;][vc_column_text]<\/p>\n<div style=\"width: 100%;\"><iframe loading=\"lazy\" src=\"https:\/\/maps.google.com\/maps?width=100%25&amp;height=450&amp;hl=en&amp;q=centro%20de%20eventos%20cibeles,%20ciudad%20juarez+(Centro%20de%20Evento%20Cibeles)&amp;t=&amp;z=16&amp;ie=UTF8&amp;iwloc=B&amp;output=embed\" width=\"100%\" height=\"315\" frameborder=\"0\" marginwidth=\"0\" marginheight=\"0\" scrolling=\"no\"><a href=\"https:\/\/www.gps.ie\/collections\/drones\/\">buy drones<\/a><\/iframe><\/div>\n<p>[\/vc_column_text][\/vc_column_inner][vc_column_inner width=&#8221;1\/2&#8243;][vc_single_image image=&#8221;4668&#8243; img_size=&#8221;full&#8221;][\/vc_column_inner][\/vc_row_inner][\/vc_column][\/vc_row][vc_row css=&#8221;.vc_custom_1560466933539{background-color: #6d1a36 !important;}&#8221;][vc_column][vc_custom_heading text=&#8221;PLANO DE STANDS&#8221; font_container=&#8221;tag:h1|text_align:center|color:%23ffffff&#8221; google_fonts=&#8221;font_family:Josefin%20Sans%3A100%2C100italic%2C300%2C300italic%2Cregular%2Citalic%2C600%2C600italic%2C700%2C700italic|font_style:400%20regular%3A400%3Anormal&#8221;][\/vc_column][\/vc_row][vc_row row_fullwidth=&#8221;1&#8243;][vc_column width=&#8221;1\/3&#8243;][\/vc_column][vc_column width=&#8221;1\/3&#8243;][vc_single_image image=&#8221;4727&#8243; img_size=&#8221;full&#8221;][\/vc_column][vc_column width=&#8221;1\/3&#8243;][\/vc_column][\/vc_row][vc_row css=&#8221;.vc_custom_1560466933539{background-color: #6d1a36 !important;}&#8221;][vc_column][vc_custom_heading text=&#8221;PROVEEDOR OFICIAL DE DISE\u00d1OS ESPECIALES Y RENTA DE EQUIPO PARA STANDS&#8221; font_container=&#8221;tag:h2|text_align:center|color:%23ffffff&#8221; google_fonts=&#8221;font_family:Josefin%20Sans%3A100%2C100italic%2C300%2C300italic%2Cregular%2Citalic%2C600%2C600italic%2C700%2C700italic|font_style:400%20regular%3A400%3Anormal&#8221;][\/vc_column][\/vc_row]<\/p>\n","protected":false},"excerpt":{"rendered":"<p>[vc_row row_fullwidth=&#8221;1&#8243; bg_parallax=&#8221;on&#8221; css=&#8221;.vc_custom_1560465593955{background-image: url(https:\/\/www.congresodeturismomedico.com\/es\/wp-content\/uploads\/2025\/03\/STANDS-FONDO-2025.jpg?id=4665) !important;}&#8221;][vc_column][vc_column_text] PARTICIPA COMO EXPOSITOR LA INVERSI\u00d3N DEL STAND INCLUYE: [\/vc_column_text][vc_row_inner][vc_column_inner width=&#8221;1\/2&#8243;][vc_column_text]\u2022 Stand b\u00e1sico de 2.44 x 3 m a una altura de 2.5 m, impresi\u00f3n [&hellip;]<\/p>\n","protected":false},"author":1,"featured_media":0,"parent":0,"menu_order":0,"comment_status":"closed","ping_status":"closed","template":"","meta":{"footnotes":""},"class_list":["post-1901","page","type-page","status-publish","hentry"],"_links":{"self":[{"href":"https:\/\/www.congresodeturismomedico.com\/es\/wp-json\/wp\/v2\/pages\/1901","targetHints":{"allow":["GET"]}}],"collection":[{"href":"https:\/\/www.congresodeturismomedico.com\/es\/wp-json\/wp\/v2\/pages"}],"about":[{"href":"https:\/\/www.congresodeturismomedico.com\/es\/wp-json\/wp\/v2\/types\/page"}],"author":[{"embeddable":true,"href":"https:\/\/www.congresodeturismomedico.com\/es\/wp-json\/wp\/v2\/users\/1"}],"replies":[{"embeddable":true,"href":"https:\/\/www.congresodeturismomedico.com\/es\/wp-json\/wp\/v2\/comments?post=1901"}],"version-history":[{"count":245,"href":"https:\/\/www.congresodeturismomedico.com\/es\/wp-json\/wp\/v2\/pages\/1901\/revisions"}],"predecessor-version":[{"id":4613,"href":"https:\/\/www.congresodeturismomedico.com\/es\/wp-json\/wp\/v2\/pages\/1901\/revisions\/4613"}],"wp:attachment":[{"href":"https:\/\/www.congresodeturismomedico.com\/es\/wp-json\/wp\/v2\/media?parent=1901"}],"curies":[{"name":"wp","href":"https:\/\/api.w.org\/{rel}","templated":true}]}}