{"id":1958,"date":"2018-07-16T13:45:18","date_gmt":"2018-07-16T19:45:18","guid":{"rendered":"http:\/\/www.congresodeturismomedico.com\/es\/?page_id=1958"},"modified":"2025-11-13T11:32:44","modified_gmt":"2025-11-13T17:32:44","slug":"agenda","status":"publish","type":"page","link":"https:\/\/www.congresodeturismomedico.com\/es\/agenda\/","title":{"rendered":"Agenda"},"content":{"rendered":"<p>[vc_row bg_parallax=&#8221;on&#8221; bottom_button=&#8221;on&#8221; bottom_button_color=&#8221;#ffffff&#8221; css=&#8221;.vc_custom_1567786835143{padding-top: 60px !important;padding-bottom: 100px !important;background-image: url(https:\/\/www.congresodeturismomedico.com\/es\/wp-content\/uploads\/2025\/10\/agenda.jpg) !important;}&#8221; bottom_button_icon=&#8221;oic-outlined-iconset-136&#8243;][vc_column][vc_custom_heading text=&#8221;Te presentamos el contenido de valor que hemos seleccionado para ti, estamos seguros que con estos temas podr\u00e1s conocer las innovaciones que nos deparan en la industria en el 2025, Dise\u00f1adas para hacer Negocios y que ser\u00e1n trascendentes a nivel mundial ya que convocamos a los Gur\u00fas del Turismo M\u00e9dico Mundial que est\u00e1n marcando la diferencia en la industria.<br \/>\n*Agenda Preliminar sujeta a cambios seg\u00fan la Organizaci\u00f3n&#8221; font_container=&#8221;tag:p|font_size:20px|text_align:left|color:%23ffffff&#8221; google_fonts=&#8221;font_family:Josefin%20Sans%3A100%2C100italic%2C300%2C300italic%2Cregular%2Citalic%2C600%2C600italic%2C700%2C700italic|font_style:400%20regular%3A400%3Anormal&#8221;][vc_custom_heading text=&#8221;CONSTRUYA SU REPUTACION EN TURISMO MEDICO Y HAGA NEGOCIO&#8221; font_container=&#8221;tag:p|font_size:20px|text_align:center|color:%23ffffff&#8221; google_fonts=&#8221;font_family:Josefin%20Sans%3A100%2C100italic%2C300%2C300italic%2Cregular%2Citalic%2C600%2C600italic%2C700%2C700italic|font_style:600%20bold%20regular%3A600%3Anormal&#8221;][vc_custom_heading text=&#8221;AGENDA SUJETA A CAMBIOS SIN PREVIO AVISO&#8221; font_container=&#8221;tag:p|font_size:20px|text_align:center|color:%23ffffff&#8221; google_fonts=&#8221;font_family:Josefin%20Sans%3A100%2C100italic%2C300%2C300italic%2Cregular%2Citalic%2C600%2C600italic%2C700%2C700italic|font_style:600%20bold%20regular%3A600%3Anormal&#8221;][\/vc_column][\/vc_row][vc_row css=&#8221;.vc_custom_1560535740727{background-color: #f7f7f7 !important;}&#8221;][vc_column css=&#8221;.vc_custom_1560539644735{padding-top: 30px !important;}&#8221;][vc_single_image image=&#8221;4711&#8243; img_size=&#8221;full&#8221; css_animation=&#8221;fadeInDown&#8221;][vc_row_inner][vc_column_inner width=&#8221;1\/3&#8243;][\/vc_column_inner][vc_column_inner width=&#8221;2\/3&#8243; css=&#8221;.vc_custom_1567873288490{border-radius: 1px !important;}&#8221;][vc_column_text css=&#8221;.vc_custom_1763053192813{background-position: center !important;background-repeat: no-repeat !important;background-size: contain !important;border-radius: 2px !important;}&#8221;]9:00 hrs.<br \/>\n<strong>\u00bfQU\u00c9 ES EL TURISMO M\u00c9DICO Y POR QU\u00c9 ES UNA INDUSTRIA GLOBAL EN CRECIMIENTO?<\/strong><\/p>\n<p>L.T. Juan Carlos Robles | ICAIT[\/vc_column_text]<div class=\"ozy-content-divider  wpb_animate_when_almost_visible wpb_left-to-right \" style=\"border-top-style:solid;border-top-width:1px;border-top-color:#6d1a36\"><\/div>[\/vc_column_inner][\/vc_row_inner][vc_row_inner][vc_column_inner width=&#8221;1\/3&#8243;][\/vc_column_inner][vc_column_inner width=&#8221;2\/3&#8243;][vc_column_text]10:00 hrs.<br \/>\n<strong>CEREMONIA INAUGURAL<\/strong><\/p>\n<p data-start=\"187\" data-end=\"252\">Gobierno Municipal de Ciudad Ju\u00e1rez<\/p>\n<p>[\/vc_column_text]<div class=\"ozy-content-divider  wpb_animate_when_almost_visible wpb_left-to-right \" style=\"border-top-style:solid;border-top-width:1px;border-top-color:#6d1a36\"><\/div>[\/vc_column_inner][\/vc_row_inner][vc_row_inner][vc_column_inner width=&#8221;1\/3&#8243;][\/vc_column_inner][vc_column_inner width=&#8221;2\/3&#8243;][vc_column_text]11:00 hrs.<br \/>\n<strong>TURISMO DE SALUD EN M\u00c9XICO Y PARA EL MUNDO<\/strong><\/p>\n<p>Lic. Alejandra Jauregui | Direcci\u00f3n de Desarrollo de Turismo de Salud de la Secretar\u00eda de Turismo del Gob. Mex.[\/vc_column_text]<div class=\"ozy-content-divider  wpb_animate_when_almost_visible wpb_left-to-right \" style=\"border-top-style:solid;border-top-width:1px;border-top-color:#6d1a36\"><\/div>[\/vc_column_inner][\/vc_row_inner][vc_row_inner][vc_column_inner width=&#8221;1\/3&#8243;][\/vc_column_inner][vc_column_inner width=&#8221;2\/3&#8243;][vc_column_text]11:30 hrs.<br \/>\n<strong>EL VALOR DE LA CERTIFICACI\u00d3N EN EL IDIOMA INGL\u00c9S PARA PROFESIONALES DE LA SALUD<\/strong><\/p>\n<p>Ponente: John Jack Wass | Profesional en la Administraci\u00f3n de Programas Educativos[\/vc_column_text]<div class=\"ozy-content-divider  wpb_animate_when_almost_visible wpb_left-to-right \" style=\"border-top-style:solid;border-top-width:1px;border-top-color:#6d1a36\"><\/div>[\/vc_column_inner][\/vc_row_inner][vc_row_inner][vc_column_inner width=&#8221;1\/3&#8243;][\/vc_column_inner][vc_column_inner width=&#8221;2\/3&#8243;][vc_column_text]12:00 hrs.<br \/>\n<strong>TENDENCIAS, OPORTUNIDADES Y PRIORIDADES EN EL TURISMO M\u00c9DICO Y DE SALUD<\/strong><\/p>\n<p>Ponente: Mtra. Teresa Sol\u00eds | Deloitte Industry Expert Hospitality and Tourism Development[\/vc_column_text]<div class=\"ozy-content-divider  wpb_animate_when_almost_visible wpb_left-to-right \" style=\"border-top-style:solid;border-top-width:1px;border-top-color:#6d1a36\"><\/div>[\/vc_column_inner][\/vc_row_inner][vc_row_inner][vc_column_inner width=&#8221;1\/3&#8243;][\/vc_column_inner][vc_column_inner width=&#8221;2\/3&#8243;][vc_column_text]13:00 hrs.<br \/>\n<strong>LA EMOCI\u00d3N DE CURARSE EN OTRO LUGAR: C\u00d3MO ATRAER PACIENTES INTERNACIONALES<\/strong><\/p>\n<p>Ponente: Antonio Yarto Laponte | Incubatur | Director General[\/vc_column_text]<div class=\"ozy-content-divider  wpb_animate_when_almost_visible wpb_left-to-right \" style=\"border-top-style:solid;border-top-width:1px;border-top-color:#6d1a36\"><\/div>[\/vc_column_inner][\/vc_row_inner][vc_row_inner][vc_column_inner width=&#8221;1\/3&#8243;][\/vc_column_inner][vc_column_inner width=&#8221;2\/3&#8243;][vc_column_text]14:00 hrs.<br \/>\n<strong>COMIDA POR INVITACI\u00d3N | CALI COLOMBIA<\/strong>[\/vc_column_text]<div class=\"ozy-content-divider  wpb_animate_when_almost_visible wpb_left-to-right \" style=\"border-top-style:solid;border-top-width:1px;border-top-color:#6d1a36\"><\/div>[\/vc_column_inner][\/vc_row_inner][vc_row_inner][vc_column_inner width=&#8221;1\/3&#8243;][\/vc_column_inner][vc_column_inner width=&#8221;2\/3&#8243;][vc_column_text]16:00 &#8211; 18:30 hrs.<br \/>\n<strong>INICIO DE B2B | RONDA DE NEGOCIOS<\/strong>[\/vc_column_text]<div class=\"ozy-content-divider  wpb_animate_when_almost_visible wpb_left-to-right \" style=\"border-top-style:solid;border-top-width:1px;border-top-color:#6d1a36\"><\/div>[\/vc_column_inner][\/vc_row_inner][\/vc_column][\/vc_row][vc_row css=&#8221;.vc_custom_1560536157944{background-color: rgba(109, 26, 54, 0.1) !important;*background-color: rgb(109,26,54) !important;}&#8221;][vc_column][vc_single_image image=&#8221;4712&#8243; img_size=&#8221;full&#8221;][vc_row_inner][vc_column_inner width=&#8221;2\/3&#8243;][vc_column_text]10:00 hrs.<br \/>\n<strong>PERFIL DEL PACIENTE INTERNACIONAL: MOTIVACIONES, TIEMPOS Y EXPECTATIVAS<\/strong><\/p>\n<p>Ponente: Nels Anderson | Fenix Health and Wellness[\/vc_column_text]<div class=\"ozy-content-divider  wpb_animate_when_almost_visible wpb_left-to-right \" style=\"border-top-style:solid;border-top-width:1px;border-top-color:#6d1a36\"><\/div>[\/vc_column_inner][vc_column_inner width=&#8221;1\/3&#8243;][\/vc_column_inner][\/vc_row_inner][vc_row_inner][vc_column_inner width=&#8221;2\/3&#8243;][vc_column_text]10:30 hrs.<br \/>\n<strong>HEALTH AND WELLNESS IN MEXICO CARE<\/strong><\/p>\n<p>Ponente: Atzimba Villegas | Presidenta de la Asociaci\u00f3n de Turismo de Salud BC[\/vc_column_text]<div class=\"ozy-content-divider  wpb_animate_when_almost_visible wpb_left-to-right \" style=\"border-top-style:solid;border-top-width:1px;border-top-color:#6d1a36\"><\/div>[\/vc_column_inner][vc_column_inner width=&#8221;1\/3&#8243;][\/vc_column_inner][\/vc_row_inner][vc_row_inner][vc_column_inner width=&#8221;2\/3&#8243;][vc_column_text]11:00 hrs.<br \/>\n<strong>EL FUTURO DEL TURISMO M\u00c9DICO EN M\u00c9XICO Y AM\u00c9RICA LATINA<\/strong><\/p>\n<p>Ponente: Mtro. Jorge Arturo Asato Favela | Congreso M\u00e9dico Legal[\/vc_column_text]<div class=\"ozy-content-divider  wpb_animate_when_almost_visible wpb_left-to-right \" style=\"border-top-style:solid;border-top-width:1px;border-top-color:#6d1a36\"><\/div>[\/vc_column_inner][vc_column_inner width=&#8221;1\/3&#8243;][\/vc_column_inner][\/vc_row_inner][vc_row_inner][vc_column_inner width=&#8221;2\/3&#8243;][vc_column_text]12:00 hrs.<br \/>\n<strong>ACTIVIDADES DE BIENESTAR O WELLNESS, UN DINAMIZADOR DEL TURISMO DE SALUD<\/strong><\/p>\n<p>Ponente: Mtra. Marcela Arzate | Presidenta de la Asociaci\u00f3n Internacional de Wellness y Spa[\/vc_column_text]<div class=\"ozy-content-divider  wpb_animate_when_almost_visible wpb_left-to-right \" style=\"border-top-style:solid;border-top-width:1px;border-top-color:#6d1a36\"><\/div>[\/vc_column_inner][vc_column_inner width=&#8221;1\/3&#8243;][\/vc_column_inner][\/vc_row_inner][vc_row_inner][vc_column_inner width=&#8221;2\/3&#8243;][vc_column_text]13:00 hrs.<br \/>\n<strong>TURISMO M\u00c9DICO COMO INSTRUMENTO DE DESARROLLO ECON\u00d3MICO Y TUR\u00cdSTICO: RETOS Y PERSPECTIVAS EN EL \u00c1MBITO P\u00daBLICO Y PRIVADO<\/strong><\/p>\n<p>Panel de Expertos Moderador Dr. Tom\u00e1s Cuevas Contreras, Presidente de la Asociaci\u00f3n Mexicana de Turismo y Gastronom\u00eda[\/vc_column_text]<div class=\"ozy-content-divider  wpb_animate_when_almost_visible wpb_left-to-right \" style=\"border-top-style:solid;border-top-width:1px;border-top-color:#6d1a36\"><\/div>[\/vc_column_inner][vc_column_inner width=&#8221;1\/3&#8243;][\/vc_column_inner][\/vc_row_inner][vc_row_inner][vc_column_inner width=&#8221;2\/3&#8243;][vc_column_text]16:00 &#8211; 18:30 hrs.<br \/>\n<strong>INICIO DE B2B | RONDA DE NEGOCIOS<\/strong>[\/vc_column_text]<div class=\"ozy-content-divider  wpb_animate_when_almost_visible wpb_left-to-right \" style=\"border-top-style:solid;border-top-width:1px;border-top-color:#6d1a36\"><\/div>[\/vc_column_inner][vc_column_inner width=&#8221;1\/3&#8243;][\/vc_column_inner][\/vc_row_inner][\/vc_column][\/vc_row][vc_row][vc_column][vc_column_text]RECOMENDACIONES:<br \/>\n\u2022 Servicio de Coffe Break continuo<br \/>\n\u2022 Servicio de Traducci\u00f3n Simult\u00e1nea (Presentar identificaci\u00f3n para gozar de este servicio)<br \/>\n\u2022 Vestimenta casual \u2013 formal durante el congreso.<br \/>\n\u2022 Le sugerimos su presencia antes de cada Conferencias y Citas de Negocios.<br \/>\n[\/vc_column_text][\/vc_column][\/vc_row]<\/p>\n","protected":false},"excerpt":{"rendered":"<p>[vc_row bg_parallax=&#8221;on&#8221; bottom_button=&#8221;on&#8221; bottom_button_color=&#8221;#ffffff&#8221; css=&#8221;.vc_custom_1567786835143{padding-top: 60px !important;padding-bottom: 100px !important;background-image: url(https:\/\/www.congresodeturismomedico.com\/es\/wp-content\/uploads\/2025\/10\/agenda.jpg) !important;}&#8221; bottom_button_icon=&#8221;oic-outlined-iconset-136&#8243;][vc_column][vc_custom_heading text=&#8221;Te presentamos el contenido de valor que hemos seleccionado para ti, estamos seguros que con estos temas podr\u00e1s [&hellip;]<\/p>\n","protected":false},"author":1,"featured_media":0,"parent":0,"menu_order":0,"comment_status":"closed","ping_status":"closed","template":"","meta":{"footnotes":""},"class_list":["post-1958","page","type-page","status-publish","hentry"],"_links":{"self":[{"href":"https:\/\/www.congresodeturismomedico.com\/es\/wp-json\/wp\/v2\/pages\/1958","targetHints":{"allow":["GET"]}}],"collection":[{"href":"https:\/\/www.congresodeturismomedico.com\/es\/wp-json\/wp\/v2\/pages"}],"about":[{"href":"https:\/\/www.congresodeturismomedico.com\/es\/wp-json\/wp\/v2\/types\/page"}],"author":[{"embeddable":true,"href":"https:\/\/www.congresodeturismomedico.com\/es\/wp-json\/wp\/v2\/users\/1"}],"replies":[{"embeddable":true,"href":"https:\/\/www.congresodeturismomedico.com\/es\/wp-json\/wp\/v2\/comments?post=1958"}],"version-history":[{"count":330,"href":"https:\/\/www.congresodeturismomedico.com\/es\/wp-json\/wp\/v2\/pages\/1958\/revisions"}],"predecessor-version":[{"id":4739,"href":"https:\/\/www.congresodeturismomedico.com\/es\/wp-json\/wp\/v2\/pages\/1958\/revisions\/4739"}],"wp:attachment":[{"href":"https:\/\/www.congresodeturismomedico.com\/es\/wp-json\/wp\/v2\/media?parent=1958"}],"curies":[{"name":"wp","href":"https:\/\/api.w.org\/{rel}","templated":true}]}}