{"id":2677,"date":"2019-03-07T17:31:47","date_gmt":"2019-03-07T23:31:47","guid":{"rendered":"http:\/\/www.congresodeturismomedico.com\/es\/?page_id=2677"},"modified":"2025-03-02T22:24:33","modified_gmt":"2025-03-03T04:24:33","slug":"libro-2","status":"publish","type":"page","link":"https:\/\/www.congresodeturismomedico.com\/es\/libro-2\/","title":{"rendered":"Libro"},"content":{"rendered":"<p>[vc_row bg_parallax=&#8221;on&#8221; bottom_button=&#8221;on&#8221; bottom_button_color=&#8221;#ffffff&#8221; css=&#8221;.vc_custom_1534444702421{margin-top: 0px !important;padding-top: 40px !important;background-image: url(http:\/\/www.congresodeturismomedico.com\/es\/wp-content\/uploads\/2018\/08\/libro-de-turismo-medico.jpg?id=2155) !important;}&#8221; bottom_button_icon=&#8221;oic-outlined-iconset-136&#8243;][vc_column css=&#8221;.vc_custom_1519158570941{padding-top: 150px !important;padding-bottom: 150px !important;}&#8221;][vc_custom_heading text=&#8221;MEXICO, A WORLD CLASS DESTINATION FOR MEDICAL TOURISM<br \/>\nM\u00c9XICO, UN DESTINO DE CLASE MUNDIAL PARA EL TURISMO M\u00c9DICO&#8221; font_container=&#8221;tag:h2|text_align:center|color:%23ffffff&#8221; google_fonts=&#8221;font_family:Arimo%3Aregular%2Citalic%2C700%2C700italic|font_style:700%20bold%20regular%3A700%3Anormal&#8221;]<div class=\"ozy-content-divider \" style=\"border-top-style:solid;border-top-width:2px;border-top-color:#ffffff;width:40px;max-width:40px;margin:20px auto;\"><\/div>[vc_custom_heading text=&#8221;REALITY AND FORESIGHT<br \/>\nREALIDAD Y PROSPECTIVA&#8221; font_container=&#8221;tag:h2|text_align:center|color:%23ffffff&#8221; google_fonts=&#8221;font_family:Josefin%20Sans%3A100%2C100italic%2C300%2C300italic%2Cregular%2Citalic%2C600%2C600italic%2C700%2C700italic|font_style:400%20regular%3A400%3Anormal&#8221;][\/vc_column][\/vc_row][vc_row row_fullwidth=&#8221;1&#8243; bg_parallax=&#8221;on&#8221; css=&#8221;.vc_custom_1560546891506{padding-top: 40px !important;background-image: url(http:\/\/www.congresodeturismomedico.com\/es\/wp-content\/uploads\/2019\/06\/fondo.jpg?id=3082) !important;}&#8221;][vc_column width=&#8221;1\/3&#8243;][vc_custom_heading text=&#8221;INTRODUCTION&#8221; font_container=&#8221;tag:p|font_size:22px|text_align:center|color:%236d1a36&#8243; google_fonts=&#8221;font_family:Josefin%20Sans%3A100%2C100italic%2C300%2C300italic%2Cregular%2Citalic%2C600%2C600italic%2C700%2C700italic|font_style:400%20regular%3A400%3Anormal&#8221;][vc_custom_heading text=&#8221;Thousands of people leave the United States, Canada and countries of Europe every year in search of specialized medical treatments with costs that are usually restrictive in their countries of origin. In addition to the advantage of treatments at a lower cost, they are motivated by being cared for in a place with better conditions for their recovery: a warm or temperate climate, a wholesome environment, hospitality in the city that receives them and the friendliness of the people involved in their treatment.<br \/>\nOn the global scene, the United States is both the principal country for receiving medical tourists who travel to Houston, New York or Los Angeles to receive specialized treatments, as well as the largest generator of medical tourists who travel to other parts of the world looking for attention of the same or higher quality than can be found in their public health system, with the advantage of being more economical with more personalized attention, where they are not just a statistic in a case file.<br \/>\nThe development of communication in all its varieties has allowed North American patients to learn about the wide range of medical treatments they can access almost anywhere in the world. Europe, Southern Asia, Central and South America or Mexico are options for cardiology treatment, bariatric surgery, orthopedic rehabilitation or dental care, or any other specialty.&#8221; font_container=&#8221;tag:p|font_size:15px|text_align:justify|color:%23494949&#8243; google_fonts=&#8221;font_family:Josefin%20Sans%3A100%2C100italic%2C300%2C300italic%2Cregular%2Citalic%2C600%2C600italic%2C700%2C700italic|font_style:400%20regular%3A400%3Anormal&#8221;][vc_btn title=&#8221;CLICK HERE TO DOWNLOAD THE BOOK IN PDF ENGLISH&#8221; style=&#8221;outline-custom&#8221; outline_custom_color=&#8221;#6d1a36&#8243; outline_custom_hover_background=&#8221;#828282&#8243; outline_custom_hover_text=&#8221;#ffffff&#8221; css_animation=&#8221;none&#8221; link=&#8221;url:http%3A%2F%2Fwww.congresodeturismomedico.com%2Fes%2Fwp-content%2Fuploads%2F2018%2F08%2FLibro-Ingles-.pdf|||&#8221;][\/vc_column][vc_column width=&#8221;1\/3&#8243;][vc_single_image image=&#8221;2163&#8243; img_size=&#8221;full&#8221; css_animation=&#8221;fadeInDownBig&#8221;][\/vc_column][vc_column width=&#8221;1\/3&#8243;][vc_custom_heading text=&#8221;INTRODUCCI\u00d3N&#8221; font_container=&#8221;tag:p|font_size:22px|text_align:center|color:%236d1a36&#8243; google_fonts=&#8221;font_family:Josefin%20Sans%3A100%2C100italic%2C300%2C300italic%2Cregular%2Citalic%2C600%2C600italic%2C700%2C700italic|font_style:400%20regular%3A400%3Anormal&#8221;][vc_custom_heading text=&#8221;Cada a\u00f1o, miles de personas salen de los Estados Unidos, Canad\u00e1 y pa\u00edses de Europa en busca de tratamientos m\u00e9dicos especializados, cuyos costos suelen ser restrictivos en sus pa\u00edses de origen, entre sus motivaciones, adem\u00e1s de la ventaja de obtener tratamientos a un menor costo, se encuentran el ser atendidos en un lugar con mejores condiciones para su recuperaci\u00f3n: con clima c\u00e1lido o templado, un medio ambiente sano, hospitalidad en la ciudad que los recibe y amabilidad de la gente involucrada en su tratamiento.<br \/>\nEn el panorama mundial, Estados Unidos es tanto el principal pa\u00eds que recibe turistas m\u00e9dicos que viajan a Houston, Nueva York o Los \u00c1ngeles para recibir tratamientos especializados, como el mayor emisor de turistas m\u00e9dicos que viajan a otras partes del mundo en busca de atenci\u00f3n de la misma o mayor calidad que en su sistema p\u00fablico de salud, con la ventaja de tener costos m\u00e1s econ\u00f3micos y una atenci\u00f3n m\u00e1s humana, m\u00e1s all\u00e1 del n\u00famero del expediente que representan para el sistema de salud norteamericano.<br \/>\nEl desarrollo de las comunicaciones en todo sentido ha permitido que los pacientes norteamericanos conozcan la amplia oferta de tratamientos m\u00e9dicos a los que pueden acceder en casi cualquier parte del mundo. En Europa, el sur de Asia, Centro y Sudam\u00e9rica o M\u00e9xico encuentran opciones para seguir un tratamiento de cardiolog\u00eda, una cirug\u00eda bari\u00e1trica, una rehabilitaci\u00f3n ortop\u00e9dica o dental, o cualquier otra especialidad.&#8221; font_container=&#8221;tag:p|font_size:15px|text_align:justify|color:%23494949&#8243; google_fonts=&#8221;font_family:Josefin%20Sans%3A100%2C100italic%2C300%2C300italic%2Cregular%2Citalic%2C600%2C600italic%2C700%2C700italic|font_style:400%20regular%3A400%3Anormal&#8221;][vc_btn title=&#8221;CLIC AQU\u00cd PARA DESCARGAR LIBRO EN ESPA\u00d1OL EN PDF&#8221; style=&#8221;outline-custom&#8221; outline_custom_color=&#8221;#6d1a36&#8243; outline_custom_hover_background=&#8221;#828282&#8243; outline_custom_hover_text=&#8221;#ffffff&#8221; css_animation=&#8221;none&#8221; link=&#8221;url:http%3A%2F%2Fwww.congresodeturismomedico.com%2Fes%2Fwp-content%2Fuploads%2F2018%2F08%2FLibro-Espa%C3%B1ol.pdf|||&#8221;][\/vc_column][\/vc_row]<\/p>\n","protected":false},"excerpt":{"rendered":"<p>[vc_row bg_parallax=&#8221;on&#8221; bottom_button=&#8221;on&#8221; bottom_button_color=&#8221;#ffffff&#8221; css=&#8221;.vc_custom_1534444702421{margin-top: 0px !important;padding-top: 40px !important;background-image: url(http:\/\/www.congresodeturismomedico.com\/es\/wp-content\/uploads\/2018\/08\/libro-de-turismo-medico.jpg?id=2155) !important;}&#8221; bottom_button_icon=&#8221;oic-outlined-iconset-136&#8243;][vc_column css=&#8221;.vc_custom_1519158570941{padding-top: 150px !important;padding-bottom: 150px !important;}&#8221;][vc_custom_heading text=&#8221;MEXICO, A WORLD CLASS DESTINATION FOR MEDICAL TOURISM M\u00c9XICO, UN DESTINO DE CLASE [&hellip;]<\/p>\n","protected":false},"author":1,"featured_media":0,"parent":0,"menu_order":0,"comment_status":"closed","ping_status":"closed","template":"","meta":{"footnotes":""},"class_list":["post-2677","page","type-page","status-publish","hentry"],"_links":{"self":[{"href":"https:\/\/www.congresodeturismomedico.com\/es\/wp-json\/wp\/v2\/pages\/2677","targetHints":{"allow":["GET"]}}],"collection":[{"href":"https:\/\/www.congresodeturismomedico.com\/es\/wp-json\/wp\/v2\/pages"}],"about":[{"href":"https:\/\/www.congresodeturismomedico.com\/es\/wp-json\/wp\/v2\/types\/page"}],"author":[{"embeddable":true,"href":"https:\/\/www.congresodeturismomedico.com\/es\/wp-json\/wp\/v2\/users\/1"}],"replies":[{"embeddable":true,"href":"https:\/\/www.congresodeturismomedico.com\/es\/wp-json\/wp\/v2\/comments?post=2677"}],"version-history":[{"count":15,"href":"https:\/\/www.congresodeturismomedico.com\/es\/wp-json\/wp\/v2\/pages\/2677\/revisions"}],"predecessor-version":[{"id":4645,"href":"https:\/\/www.congresodeturismomedico.com\/es\/wp-json\/wp\/v2\/pages\/2677\/revisions\/4645"}],"wp:attachment":[{"href":"https:\/\/www.congresodeturismomedico.com\/es\/wp-json\/wp\/v2\/media?parent=2677"}],"curies":[{"name":"wp","href":"https:\/\/api.w.org\/{rel}","templated":true}]}}